{"id":5307,"date":"2025-01-16T12:12:45","date_gmt":"2025-01-16T12:12:45","guid":{"rendered":"https:\/\/fechenbach.es\/?page_id=5307"},"modified":"2025-01-16T13:41:37","modified_gmt":"2025-01-16T13:41:37","slug":"monika-katarzyna-golinska-2","status":"publish","type":"page","link":"https:\/\/fechenbach.es\/de\/monika-katarzyna-golinska-2","title":{"rendered":"Monika Katarzyna Golinska"},"content":{"rendered":"\t\t<div data-elementor-type=\"wp-page\" data-elementor-id=\"5307\" class=\"elementor elementor-5307 elementor-5305\">\n\t\t\t\t\t\t<section class=\"elementor-section elementor-top-section elementor-element elementor-element-8da2054 elementor-section-boxed elementor-section-height-default elementor-section-height-default parallax_section_no qode_elementor_container_no\" data-id=\"8da2054\" data-element_type=\"section\" data-e-type=\"section\" data-settings=\"{&quot;background_background&quot;:&quot;classic&quot;}\">\n\t\t\t\t\t\t<div class=\"elementor-container elementor-column-gap-default\">\n\t\t\t\t\t<div class=\"elementor-column elementor-col-50 elementor-top-column elementor-element elementor-element-8176889 elementor-hidden-mobile\" data-id=\"8176889\" data-element_type=\"column\" data-e-type=\"column\">\n\t\t\t<div class=\"elementor-widget-wrap elementor-element-populated\">\n\t\t\t\t\t\t<div class=\"elementor-element elementor-element-7b25b6e elementor-invisible elementor-widget elementor-widget-image\" data-id=\"7b25b6e\" data-element_type=\"widget\" data-e-type=\"widget\" data-settings=\"{&quot;_animation&quot;:&quot;fadeInLeft&quot;}\" data-widget_type=\"image.default\">\n\t\t\t\t<div class=\"elementor-widget-container\">\n\t\t\t\t\t\t\t\t\t\t\t\t\t\t\t<img fetchpriority=\"high\" decoding=\"async\" width=\"819\" height=\"1024\" src=\"https:\/\/fechenbach.es\/wp-content\/uploads\/2024\/03\/Abogada-Monika-Golinska-Golinska-819x1024.jpg\" class=\"attachment-large size-large wp-image-4787\" alt=\"\" srcset=\"https:\/\/fechenbach.es\/wp-content\/uploads\/2024\/03\/Abogada-Monika-Golinska-Golinska-819x1024.jpg 819w, https:\/\/fechenbach.es\/wp-content\/uploads\/2024\/03\/Abogada-Monika-Golinska-Golinska-240x300.jpg 240w, https:\/\/fechenbach.es\/wp-content\/uploads\/2024\/03\/Abogada-Monika-Golinska-Golinska-768x960.jpg 768w, https:\/\/fechenbach.es\/wp-content\/uploads\/2024\/03\/Abogada-Monika-Golinska-Golinska-700x875.jpg 700w, https:\/\/fechenbach.es\/wp-content\/uploads\/2024\/03\/Abogada-Monika-Golinska-Golinska.jpg 1080w\" sizes=\"(max-width: 819px) 100vw, 819px\" \/>\t\t\t\t\t\t\t\t\t\t\t\t\t\t\t<\/div>\n\t\t\t\t<\/div>\n\t\t\t\t<div class=\"elementor-element elementor-element-0f2c939 elementor-align-left elementor-widget elementor-widget-button\" data-id=\"0f2c939\" data-element_type=\"widget\" data-e-type=\"widget\" data-widget_type=\"button.default\">\n\t\t\t\t<div class=\"elementor-widget-container\">\n\t\t\t\t\t\t\t\t\t<div class=\"elementor-button-wrapper\">\n\t\t\t\t\t<a class=\"elementor-button elementor-button-link elementor-size-sm\" href=\"https:\/\/fechenbach.es\/de\/kontakt\">\n\t\t\t\t\t\t<span class=\"elementor-button-content-wrapper\">\n\t\t\t\t\t\t<span class=\"elementor-button-icon\">\n\t\t\t\t<svg aria-hidden=\"true\" class=\"e-font-icon-svg e-fas-angle-right\" viewBox=\"0 0 256 512\" xmlns=\"http:\/\/www.w3.org\/2000\/svg\"><path d=\"M224.3 273l-136 136c-9.4 9.4-24.6 9.4-33.9 0l-22.6-22.6c-9.4-9.4-9.4-24.6 0-33.9l96.4-96.4-96.4-96.4c-9.4-9.4-9.4-24.6 0-33.9L54.3 103c9.4-9.4 24.6-9.4 33.9 0l136 136c9.5 9.4 9.5 24.6.1 34z\"><\/path><\/svg>\t\t\t<\/span>\n\t\t\t\t\t\t\t\t\t<span class=\"elementor-button-text\">jetzt kontaktieren<\/span>\n\t\t\t\t\t<\/span>\n\t\t\t\t\t<\/a>\n\t\t\t\t<\/div>\n\t\t\t\t\t\t\t\t<\/div>\n\t\t\t\t<\/div>\n\t\t\t\t\t<\/div>\n\t\t<\/div>\n\t\t\t\t<div class=\"elementor-column elementor-col-50 elementor-top-column elementor-element elementor-element-c99b6e6\" data-id=\"c99b6e6\" data-element_type=\"column\" data-e-type=\"column\">\n\t\t\t<div class=\"elementor-widget-wrap elementor-element-populated\">\n\t\t\t\t\t\t<div class=\"elementor-element elementor-element-27f4452 elementor-widget elementor-widget-heading\" data-id=\"27f4452\" data-element_type=\"widget\" data-e-type=\"widget\" data-widget_type=\"heading.default\">\n\t\t\t\t<div class=\"elementor-widget-container\">\n\t\t\t\t\t<h2 class=\"elementor-heading-title elementor-size-default\">MONIKA Katarzyna GOLINSKA Golinska<\/h2>\t\t\t\t<\/div>\n\t\t\t\t<\/div>\n\t\t\t\t<div class=\"elementor-element elementor-element-8f3abd6 elementor-widget elementor-widget-text-editor\" data-id=\"8f3abd6\" data-element_type=\"widget\" data-e-type=\"widget\" data-widget_type=\"text-editor.default\">\n\t\t\t\t<div class=\"elementor-widget-container\">\n\t\t\t\t\t\t\t\t\t<p>Monika Golinska Golinska verf\u00fcgt \u00fcber eine solide akademische Grundlage. Sie hat einen Bachelor-Abschluss in Rechtswissenschaften von der Universit\u00e4t Alcal\u00e1 und ein zweij\u00e4hriges Studium der Wirtschaftswissenschaften an der Universit\u00e4t Rey Juan Carlos. Erw\u00e4hnenswert in seiner anschlie\u00dfenden Bildungslaufbahn sind sowohl der Master-Abschluss im Zugang zum Anwaltsberuf an der Universit\u00e4t Alcal\u00e1 als auch sein Doppel-Master-Abschluss in Geistigem Eigentum und Recht in Bezug auf neue Technologien sowie in Datenschutz,<\/p>\n<\/p>\n<p>beide an der Internationalen Universit\u00e4t La Rioja (UNIR). Monikas Streben nach Exzellenz f\u00fchrte sie ab 2017 zu einer erfolgreichen Karriere als Anw\u00e4ltin. Dar\u00fcber hinaus zeichnet sie sich als Mediatorin aus und erhielt ihre Zertifizierung vom Instituto de Mediaci\u00f3n del Ilustre Colegio de Abogados de Alcal\u00e1 de Henares im Jahr 2020.<\/p>\n<p><\/p>\n<\/p>\n<p>Die Vielf\u00e4ltigkeit und Breite seiner beruflichen Laufbahn zeigt sich in seiner T\u00e4tigkeit als Offizialverteidiger bei der Rechtsanwaltskammer von Alcal\u00e1 de Henares seit 2018, mit einer Spezialisierung auf die Bereiche Zivil- und Strafrecht.<\/p>\n<p><\/p>\n<p>Monika hat sich als Spezialistin f\u00fcr Datenschutz, Familien- und Einwanderungsrecht hervorgetan und kann auf eine positive Erfolgsbilanz bei der L\u00f6sung rechtlicher Probleme zur\u00fcckblicken. Dar\u00fcber hinaus verf\u00fcgt sie \u00fcber umfassende Kenntnisse auf dem Gebiet des Strafrechts, des Arbeitsrechts und des Verwaltungsrechts mit einem besonderen Schwerpunkt auf dem Einwanderungsrecht. Seine F\u00e4higkeiten als Anwalt haben sich im Laufe der Jahre weiterentwickelt, besonders im Bereich interkultureller Kommunikation.<\/p>\n<p><\/p>\n<\/p>\n<p>Darum ist es Monika m\u00f6glich, Rechtsberatung auf Spanisch, Englisch und Polnisch &nbsp;auf professionellem Niveau anzubieten.<\/p>\n<p><\/p>\n<\/p>\n<p>Dar\u00fcber hinaus hat sie eine au\u00dfergew\u00f6hnliche F\u00e4higkeit unter Beweis gestellt, sich erfolgreich in Gesetzen und Rechtsverfahren in verschiedenen Sprachen und Gerichtsbarkeiten zurechtzufinden. Seit Beginn ihrer Karriere ist Monika als Rechtsanw\u00e4ltin selbst\u00e4ndig t\u00e4tig und bekleidet derzeit die Position der Hauptanw\u00e4ltin bei der renommierten Anwaltskanzlei Fechenbach Asociados, womit sie ihre Pr\u00e4senz in der Rechtswelt Madrids festigt und zum Ausbau der Rechtsdienstleistungen beitr\u00e4gt. Seine Karriere ist zu einem Beispiel f\u00fcr Hingabe, Spezialisierung und Engagement im juristischen Bereich in Madrid und Spanien geworden.<\/p>\n\t\t\t\t\t\t\t\t<\/div>\n\t\t\t\t<\/div>\n\t\t\t\t<div class=\"elementor-element elementor-element-2800b9c elementor-align-left elementor-widget elementor-widget-button\" data-id=\"2800b9c\" data-element_type=\"widget\" data-e-type=\"widget\" data-widget_type=\"button.default\">\n\t\t\t\t<div class=\"elementor-widget-container\">\n\t\t\t\t\t\t\t\t\t<div class=\"elementor-button-wrapper\">\n\t\t\t\t\t<a class=\"elementor-button elementor-button-link elementor-size-sm\" href=\"https:\/\/www.linkedin.com\/in\/mkgolinska\/\">\n\t\t\t\t\t\t<span class=\"elementor-button-content-wrapper\">\n\t\t\t\t\t\t<span class=\"elementor-button-icon\">\n\t\t\t\t<svg aria-hidden=\"true\" class=\"e-font-icon-svg e-fas-angle-right\" viewBox=\"0 0 256 512\" xmlns=\"http:\/\/www.w3.org\/2000\/svg\"><path d=\"M224.3 273l-136 136c-9.4 9.4-24.6 9.4-33.9 0l-22.6-22.6c-9.4-9.4-9.4-24.6 0-33.9l96.4-96.4-96.4-96.4c-9.4-9.4-9.4-24.6 0-33.9L54.3 103c9.4-9.4 24.6-9.4 33.9 0l136 136c9.5 9.4 9.5 24.6.1 34z\"><\/path><\/svg>\t\t\t<\/span>\n\t\t\t\t\t\t\t\t\t<span class=\"elementor-button-text\">linkedin<\/span>\n\t\t\t\t\t<\/span>\n\t\t\t\t\t<\/a>\n\t\t\t\t<\/div>\n\t\t\t\t\t\t\t\t<\/div>\n\t\t\t\t<\/div>\n\t\t\t\t<div class=\"elementor-element elementor-element-856d0a1 elementor-hidden-desktop elementor-hidden-tablet elementor-invisible elementor-widget elementor-widget-image\" data-id=\"856d0a1\" data-element_type=\"widget\" data-e-type=\"widget\" data-settings=\"{&quot;_animation&quot;:&quot;fadeInLeft&quot;}\" data-widget_type=\"image.default\">\n\t\t\t\t<div class=\"elementor-widget-container\">\n\t\t\t\t\t\t\t\t\t\t\t\t\t\t\t<img fetchpriority=\"high\" decoding=\"async\" width=\"819\" height=\"1024\" src=\"https:\/\/fechenbach.es\/wp-content\/uploads\/2024\/03\/Abogada-Monika-Golinska-Golinska-819x1024.jpg\" class=\"attachment-large size-large wp-image-4787\" alt=\"\" srcset=\"https:\/\/fechenbach.es\/wp-content\/uploads\/2024\/03\/Abogada-Monika-Golinska-Golinska-819x1024.jpg 819w, https:\/\/fechenbach.es\/wp-content\/uploads\/2024\/03\/Abogada-Monika-Golinska-Golinska-240x300.jpg 240w, https:\/\/fechenbach.es\/wp-content\/uploads\/2024\/03\/Abogada-Monika-Golinska-Golinska-768x960.jpg 768w, https:\/\/fechenbach.es\/wp-content\/uploads\/2024\/03\/Abogada-Monika-Golinska-Golinska-700x875.jpg 700w, https:\/\/fechenbach.es\/wp-content\/uploads\/2024\/03\/Abogada-Monika-Golinska-Golinska.jpg 1080w\" sizes=\"(max-width: 819px) 100vw, 819px\" \/>\t\t\t\t\t\t\t\t\t\t\t\t\t\t\t<\/div>\n\t\t\t\t<\/div>\n\t\t\t\t<div class=\"elementor-element elementor-element-5e09307 elementor-align-left elementor-hidden-tablet elementor-hidden-desktop elementor-widget elementor-widget-button\" data-id=\"5e09307\" data-element_type=\"widget\" data-e-type=\"widget\" data-widget_type=\"button.default\">\n\t\t\t\t<div class=\"elementor-widget-container\">\n\t\t\t\t\t\t\t\t\t<div class=\"elementor-button-wrapper\">\n\t\t\t\t\t<a class=\"elementor-button elementor-button-link elementor-size-sm\" href=\"https:\/\/fechenbach.es\/de\/kontakt\">\n\t\t\t\t\t\t<span class=\"elementor-button-content-wrapper\">\n\t\t\t\t\t\t<span class=\"elementor-button-icon\">\n\t\t\t\t<svg aria-hidden=\"true\" class=\"e-font-icon-svg e-fas-angle-right\" viewBox=\"0 0 256 512\" xmlns=\"http:\/\/www.w3.org\/2000\/svg\"><path d=\"M224.3 273l-136 136c-9.4 9.4-24.6 9.4-33.9 0l-22.6-22.6c-9.4-9.4-9.4-24.6 0-33.9l96.4-96.4-96.4-96.4c-9.4-9.4-9.4-24.6 0-33.9L54.3 103c9.4-9.4 24.6-9.4 33.9 0l136 136c9.5 9.4 9.5 24.6.1 34z\"><\/path><\/svg>\t\t\t<\/span>\n\t\t\t\t\t\t\t\t\t<span class=\"elementor-button-text\">jetzt kontaktieren<\/span>\n\t\t\t\t\t<\/span>\n\t\t\t\t\t<\/a>\n\t\t\t\t<\/div>\n\t\t\t\t\t\t\t\t<\/div>\n\t\t\t\t<\/div>\n\t\t\t\t\t<\/div>\n\t\t<\/div>\n\t\t\t\t\t<\/div>\n\t\t<\/section>\n\t\t\t\t<\/div>\n\t\t","protected":false},"excerpt":{"rendered":"<p>jetzt kontaktieren MONIKA Katarzyna GOLINSKA Golinska Monika Golinska Golinska verf\u00fcgt \u00fcber eine solide akademische Grundlage. Sie hat einen Bachelor-Abschluss in Rechtswissenschaften von der Universit\u00e4t Alcal\u00e1 und ein zweij\u00e4hriges Studium der Wirtschaftswissenschaften an der Universit\u00e4t Rey Juan Carlos. Erw\u00e4hnenswert in seiner anschlie\u00dfenden Bildungslaufbahn sind sowohl der&#8230;<\/p>\n","protected":false},"author":1,"featured_media":0,"parent":0,"menu_order":0,"comment_status":"closed","ping_status":"closed","template":"full_width.php","meta":{"_monsterinsights_skip_tracking":false,"_monsterinsights_sitenote_active":false,"_monsterinsights_sitenote_note":"","_monsterinsights_sitenote_category":0,"footnotes":""},"class_list":["post-5307","page","type-page","status-publish","hentry"],"yoast_head":"<!-- This site is optimized with the Yoast SEO plugin v27.5 - https:\/\/yoast.com\/product\/yoast-seo-wordpress\/ -->\n<title>Monika Katarzyna Golinska - Fechenbach Abogados<\/title>\n<meta name=\"robots\" content=\"index, follow, max-snippet:-1, max-image-preview:large, max-video-preview:-1\" \/>\n<link rel=\"canonical\" href=\"https:\/\/fechenbach.es\/de\/monika-katarzyna-golinska-2\" \/>\n<meta property=\"og:locale\" content=\"de_DE\" \/>\n<meta property=\"og:type\" content=\"article\" \/>\n<meta property=\"og:title\" content=\"Monika Katarzyna Golinska - Fechenbach Abogados\" \/>\n<meta property=\"og:description\" content=\"jetzt kontaktieren MONIKA Katarzyna GOLINSKA Golinska Monika Golinska Golinska verf\u00fcgt \u00fcber eine solide akademische Grundlage. Sie hat einen Bachelor-Abschluss in Rechtswissenschaften von der Universit\u00e4t Alcal\u00e1 und ein zweij\u00e4hriges Studium der Wirtschaftswissenschaften an der Universit\u00e4t Rey Juan Carlos. Erw\u00e4hnenswert in seiner anschlie\u00dfenden Bildungslaufbahn sind sowohl der...\" \/>\n<meta property=\"og:url\" content=\"https:\/\/fechenbach.es\/de\/monika-katarzyna-golinska-2\" \/>\n<meta property=\"og:site_name\" content=\"Fechenbach Abogados\" \/>\n<meta property=\"article:publisher\" content=\"https:\/\/www.facebook.com\/fechenbachabogados\/\" \/>\n<meta property=\"article:modified_time\" content=\"2025-01-16T13:41:37+00:00\" \/>\n<meta property=\"og:image\" content=\"https:\/\/fechenbach.es\/wp-content\/uploads\/2024\/03\/Abogada-Monika-Golinska-Golinska-819x1024.jpg\" \/>\n<meta name=\"twitter:card\" content=\"summary_large_image\" \/>\n<meta name=\"twitter:label1\" content=\"Gesch\u00e4tzte Lesezeit\" \/>\n\t<meta name=\"twitter:data1\" content=\"2\u00a0Minuten\" \/>\n<script type=\"application\/ld+json\" class=\"yoast-schema-graph\">{\"@context\":\"https:\\\/\\\/schema.org\",\"@graph\":[{\"@type\":\"WebPage\",\"@id\":\"https:\\\/\\\/fechenbach.es\\\/de\\\/monika-katarzyna-golinska-2\",\"url\":\"https:\\\/\\\/fechenbach.es\\\/de\\\/monika-katarzyna-golinska-2\",\"name\":\"Monika Katarzyna Golinska - Fechenbach Abogados\",\"isPartOf\":{\"@id\":\"https:\\\/\\\/fechenbach.es\\\/de#website\"},\"primaryImageOfPage\":{\"@id\":\"https:\\\/\\\/fechenbach.es\\\/de\\\/monika-katarzyna-golinska-2#primaryimage\"},\"image\":{\"@id\":\"https:\\\/\\\/fechenbach.es\\\/de\\\/monika-katarzyna-golinska-2#primaryimage\"},\"thumbnailUrl\":\"https:\\\/\\\/fechenbach.es\\\/wp-content\\\/uploads\\\/2024\\\/03\\\/Abogada-Monika-Golinska-Golinska-819x1024.jpg\",\"datePublished\":\"2025-01-16T12:12:45+00:00\",\"dateModified\":\"2025-01-16T13:41:37+00:00\",\"breadcrumb\":{\"@id\":\"https:\\\/\\\/fechenbach.es\\\/de\\\/monika-katarzyna-golinska-2#breadcrumb\"},\"inLanguage\":\"de\",\"potentialAction\":[{\"@type\":\"ReadAction\",\"target\":[\"https:\\\/\\\/fechenbach.es\\\/de\\\/monika-katarzyna-golinska-2\"]}]},{\"@type\":\"ImageObject\",\"inLanguage\":\"de\",\"@id\":\"https:\\\/\\\/fechenbach.es\\\/de\\\/monika-katarzyna-golinska-2#primaryimage\",\"url\":\"https:\\\/\\\/fechenbach.es\\\/wp-content\\\/uploads\\\/2024\\\/03\\\/Abogada-Monika-Golinska-Golinska-819x1024.jpg\",\"contentUrl\":\"https:\\\/\\\/fechenbach.es\\\/wp-content\\\/uploads\\\/2024\\\/03\\\/Abogada-Monika-Golinska-Golinska-819x1024.jpg\"},{\"@type\":\"BreadcrumbList\",\"@id\":\"https:\\\/\\\/fechenbach.es\\\/de\\\/monika-katarzyna-golinska-2#breadcrumb\",\"itemListElement\":[{\"@type\":\"ListItem\",\"position\":1,\"name\":\"Portada\",\"item\":\"https:\\\/\\\/fechenbach.es\\\/de\"},{\"@type\":\"ListItem\",\"position\":2,\"name\":\"Monika Katarzyna Golinska\"}]},{\"@type\":\"WebSite\",\"@id\":\"https:\\\/\\\/fechenbach.es\\\/de#website\",\"url\":\"https:\\\/\\\/fechenbach.es\\\/de\",\"name\":\"Fechenbach Abogados\",\"description\":\"Abogados Penalistas y de Familia Madrid\",\"publisher\":{\"@id\":\"https:\\\/\\\/fechenbach.es\\\/de#organization\"},\"alternateName\":\"Abogados Penalistas Madrid\",\"potentialAction\":[{\"@type\":\"SearchAction\",\"target\":{\"@type\":\"EntryPoint\",\"urlTemplate\":\"https:\\\/\\\/fechenbach.es\\\/de?s={search_term_string}\"},\"query-input\":{\"@type\":\"PropertyValueSpecification\",\"valueRequired\":true,\"valueName\":\"search_term_string\"}}],\"inLanguage\":\"de\"},{\"@type\":\"Organization\",\"@id\":\"https:\\\/\\\/fechenbach.es\\\/de#organization\",\"name\":\"Fechenbach Abogados\",\"alternateName\":\"Fechenbach Abogados\",\"url\":\"https:\\\/\\\/fechenbach.es\\\/de\",\"logo\":{\"@type\":\"ImageObject\",\"inLanguage\":\"de\",\"@id\":\"https:\\\/\\\/fechenbach.es\\\/de#\\\/schema\\\/logo\\\/image\\\/\",\"url\":\"https:\\\/\\\/fechenbach.es\\\/wp-content\\\/uploads\\\/2022\\\/03\\\/6dic_1post_fech-jpg.webp\",\"contentUrl\":\"https:\\\/\\\/fechenbach.es\\\/wp-content\\\/uploads\\\/2022\\\/03\\\/6dic_1post_fech-jpg.webp\",\"width\":1080,\"height\":1080,\"caption\":\"Fechenbach Abogados\"},\"image\":{\"@id\":\"https:\\\/\\\/fechenbach.es\\\/de#\\\/schema\\\/logo\\\/image\\\/\"},\"sameAs\":[\"https:\\\/\\\/www.facebook.com\\\/fechenbachabogados\\\/\",\"https:\\\/\\\/www.linkedin.com\\\/company\\\/10973821\\\/admin\\\/feed\\\/posts\\\/\",\"https:\\\/\\\/www.instagram.com\\\/fechenbach_abogados\\\/?igshid=YzdkMWQ2MWU\"]}]}<\/script>\n<!-- \/ Yoast SEO plugin. -->","yoast_head_json":{"title":"Monika Katarzyna Golinska - Fechenbach Abogados","robots":{"index":"index","follow":"follow","max-snippet":"max-snippet:-1","max-image-preview":"max-image-preview:large","max-video-preview":"max-video-preview:-1"},"canonical":"https:\/\/fechenbach.es\/de\/monika-katarzyna-golinska-2","og_locale":"de_DE","og_type":"article","og_title":"Monika Katarzyna Golinska - Fechenbach Abogados","og_description":"jetzt kontaktieren MONIKA Katarzyna GOLINSKA Golinska Monika Golinska Golinska verf\u00fcgt \u00fcber eine solide akademische Grundlage. Sie hat einen Bachelor-Abschluss in Rechtswissenschaften von der Universit\u00e4t Alcal\u00e1 und ein zweij\u00e4hriges Studium der Wirtschaftswissenschaften an der Universit\u00e4t Rey Juan Carlos. Erw\u00e4hnenswert in seiner anschlie\u00dfenden Bildungslaufbahn sind sowohl der...","og_url":"https:\/\/fechenbach.es\/de\/monika-katarzyna-golinska-2","og_site_name":"Fechenbach Abogados","article_publisher":"https:\/\/www.facebook.com\/fechenbachabogados\/","article_modified_time":"2025-01-16T13:41:37+00:00","og_image":[{"url":"https:\/\/fechenbach.es\/wp-content\/uploads\/2024\/03\/Abogada-Monika-Golinska-Golinska-819x1024.jpg","type":"","width":"","height":""}],"twitter_card":"summary_large_image","twitter_misc":{"Gesch\u00e4tzte Lesezeit":"2\u00a0Minuten"},"schema":{"@context":"https:\/\/schema.org","@graph":[{"@type":"WebPage","@id":"https:\/\/fechenbach.es\/de\/monika-katarzyna-golinska-2","url":"https:\/\/fechenbach.es\/de\/monika-katarzyna-golinska-2","name":"Monika Katarzyna Golinska - Fechenbach Abogados","isPartOf":{"@id":"https:\/\/fechenbach.es\/de#website"},"primaryImageOfPage":{"@id":"https:\/\/fechenbach.es\/de\/monika-katarzyna-golinska-2#primaryimage"},"image":{"@id":"https:\/\/fechenbach.es\/de\/monika-katarzyna-golinska-2#primaryimage"},"thumbnailUrl":"https:\/\/fechenbach.es\/wp-content\/uploads\/2024\/03\/Abogada-Monika-Golinska-Golinska-819x1024.jpg","datePublished":"2025-01-16T12:12:45+00:00","dateModified":"2025-01-16T13:41:37+00:00","breadcrumb":{"@id":"https:\/\/fechenbach.es\/de\/monika-katarzyna-golinska-2#breadcrumb"},"inLanguage":"de","potentialAction":[{"@type":"ReadAction","target":["https:\/\/fechenbach.es\/de\/monika-katarzyna-golinska-2"]}]},{"@type":"ImageObject","inLanguage":"de","@id":"https:\/\/fechenbach.es\/de\/monika-katarzyna-golinska-2#primaryimage","url":"https:\/\/fechenbach.es\/wp-content\/uploads\/2024\/03\/Abogada-Monika-Golinska-Golinska-819x1024.jpg","contentUrl":"https:\/\/fechenbach.es\/wp-content\/uploads\/2024\/03\/Abogada-Monika-Golinska-Golinska-819x1024.jpg"},{"@type":"BreadcrumbList","@id":"https:\/\/fechenbach.es\/de\/monika-katarzyna-golinska-2#breadcrumb","itemListElement":[{"@type":"ListItem","position":1,"name":"Portada","item":"https:\/\/fechenbach.es\/de"},{"@type":"ListItem","position":2,"name":"Monika Katarzyna Golinska"}]},{"@type":"WebSite","@id":"https:\/\/fechenbach.es\/de#website","url":"https:\/\/fechenbach.es\/de","name":"Fechenbach Abogados","description":"Abogados Penalistas y de Familia Madrid","publisher":{"@id":"https:\/\/fechenbach.es\/de#organization"},"alternateName":"Abogados Penalistas Madrid","potentialAction":[{"@type":"SearchAction","target":{"@type":"EntryPoint","urlTemplate":"https:\/\/fechenbach.es\/de?s={search_term_string}"},"query-input":{"@type":"PropertyValueSpecification","valueRequired":true,"valueName":"search_term_string"}}],"inLanguage":"de"},{"@type":"Organization","@id":"https:\/\/fechenbach.es\/de#organization","name":"Fechenbach Abogados","alternateName":"Fechenbach Abogados","url":"https:\/\/fechenbach.es\/de","logo":{"@type":"ImageObject","inLanguage":"de","@id":"https:\/\/fechenbach.es\/de#\/schema\/logo\/image\/","url":"https:\/\/fechenbach.es\/wp-content\/uploads\/2022\/03\/6dic_1post_fech-jpg.webp","contentUrl":"https:\/\/fechenbach.es\/wp-content\/uploads\/2022\/03\/6dic_1post_fech-jpg.webp","width":1080,"height":1080,"caption":"Fechenbach Abogados"},"image":{"@id":"https:\/\/fechenbach.es\/de#\/schema\/logo\/image\/"},"sameAs":["https:\/\/www.facebook.com\/fechenbachabogados\/","https:\/\/www.linkedin.com\/company\/10973821\/admin\/feed\/posts\/","https:\/\/www.instagram.com\/fechenbach_abogados\/?igshid=YzdkMWQ2MWU"]}]}},"_links":{"self":[{"href":"https:\/\/fechenbach.es\/de\/wp-json\/wp\/v2\/pages\/5307","targetHints":{"allow":["GET"]}}],"collection":[{"href":"https:\/\/fechenbach.es\/de\/wp-json\/wp\/v2\/pages"}],"about":[{"href":"https:\/\/fechenbach.es\/de\/wp-json\/wp\/v2\/types\/page"}],"author":[{"embeddable":true,"href":"https:\/\/fechenbach.es\/de\/wp-json\/wp\/v2\/users\/1"}],"replies":[{"embeddable":true,"href":"https:\/\/fechenbach.es\/de\/wp-json\/wp\/v2\/comments?post=5307"}],"version-history":[{"count":2,"href":"https:\/\/fechenbach.es\/de\/wp-json\/wp\/v2\/pages\/5307\/revisions"}],"predecessor-version":[{"id":5332,"href":"https:\/\/fechenbach.es\/de\/wp-json\/wp\/v2\/pages\/5307\/revisions\/5332"}],"wp:attachment":[{"href":"https:\/\/fechenbach.es\/de\/wp-json\/wp\/v2\/media?parent=5307"}],"curies":[{"name":"wp","href":"https:\/\/api.w.org\/{rel}","templated":true}]}}